{"id":43,"date":"2017-04-19T11:08:09","date_gmt":"2017-04-19T11:08:09","guid":{"rendered":"http:\/\/www.samanotavanalla.fi\/?page_id=43"},"modified":"2023-02-27T10:03:22","modified_gmt":"2023-02-27T09:03:22","slug":"kuka","status":"publish","type":"page","link":"https:\/\/www.samanotavanalla.fi\/?page_id=43","title":{"rendered":"Blogista ja kirjoittajasta"},"content":{"rendered":"<p>&nbsp;<\/p>\n<p><a href=\"http:\/\/www.samanotavanalla.fi\/wp-content\/uploads\/2017\/04\/fullsizeoutput_93f.jpeg\"><img fetchpriority=\"high\" decoding=\"async\" class=\"alignnone size-full wp-image-5\" src=\"http:\/\/www.samanotavanalla.fi\/wp-content\/uploads\/2017\/04\/fullsizeoutput_93f.jpeg\" alt=\"\" width=\"1724\" height=\"1292\" srcset=\"https:\/\/www.samanotavanalla.fi\/wp-content\/uploads\/2017\/04\/fullsizeoutput_93f.jpeg 1724w, https:\/\/www.samanotavanalla.fi\/wp-content\/uploads\/2017\/04\/fullsizeoutput_93f-300x225.jpeg 300w, https:\/\/www.samanotavanalla.fi\/wp-content\/uploads\/2017\/04\/fullsizeoutput_93f-768x576.jpeg 768w, https:\/\/www.samanotavanalla.fi\/wp-content\/uploads\/2017\/04\/fullsizeoutput_93f-1024x767.jpeg 1024w\" sizes=\"(max-width: 1724px) 100vw, 1724px\" \/><\/a><\/p>\n<p>&nbsp;<\/p>\n<h2>Saman otavan alla<\/h2>\n<p>&nbsp;<\/p>\n<p>Hei, olen Hanne. Tulin Norjaan syksyll\u00e4 2010 viikonlopun ratsastusreissulle ja tunsin tulleeni kotiin. Puolitoista vuotta my\u00f6hemmin muutin t\u00e4nne asumaan. Tarkemmin sanoen vuoristoseudulle Valdresiin.<\/p>\n<p>Blogi sai alkunsa joulukuussa 2012 halustani kirjoittaa ja valokuvata, sek\u00e4 tallentaa el\u00e4m\u00e4\u00e4ni t\u00e4\u00e4ll\u00e4 vuorten syliss\u00e4. Blogi on ollut kertomus Norjasta, metsist\u00e4, vuorista, puutarhasta, el\u00e4imist\u00e4, arjestani, sopeutumisestani, havainnoistani ja ajatuksistani. N\u00e4ihin vuosiin on mahtunut monenlaisia k\u00e4\u00e4nteit\u00e4 mutta asun edelleen samalla paikkakunnalla.<\/p>\n<p>T\u00e4ss\u00e4 osoitteessa blogi on ollut vuodesta 2017, mutta aikasemmat kirjoitukseni l\u00f6ytyv\u00e4t edelleen <span style=\"color: #ff0000;\"><a href=\"http:\/\/samanotavanalla.blogspot.no\"><span style=\"color: #993300;\">vanhasta osoitteestaan<\/span><\/a><\/span><span style=\"color: #993300;\">,<\/span> ja voit halutessasi k\u00e4yd\u00e4 niit\u00e4 edelleen lukemassa.<\/p>\n<p>&nbsp;<\/p>\n<h3>Maalaisel\u00e4m\u00e4\u00e4<\/h3>\n<p>Muutin asumaan maaseudulle noin kolmenkymmenen kaupungissa vietetyn vuoden j\u00e4lkeen. Muutos oli yll\u00e4tt\u00e4v\u00e4n helppo, vaikka el\u00e4m\u00e4 maaseudulla poikkeaakin kaupunkiel\u00e4m\u00e4st\u00e4 melkoisesti. Maalaisel\u00e4m\u00e4ss\u00e4 on omat haasteensa, mutta hyvi\u00e4 puolia on niin paljon, ett\u00e4 ainakaan toistaiseksi ei ole tullut ik\u00e4v\u00e4 kaupunkiin. Yksi minulle t\u00e4rkeimpi\u00e4 asioita Norjassa onkin mahdollisuus el\u00e4\u00e4 t\u00e4m\u00e4n upean luonnon keskell\u00e4.<\/p>\n<p>&nbsp;<\/p>\n<h3><span style=\"color: #333333;\">Yksinkertaistaminen ja hidastaminen\u00a0<\/span><\/h3>\n<p>Pyrin el\u00e4m\u00e4\u00e4n yksinkertaisesti ja tulemaan toimeen v\u00e4hemm\u00e4ll\u00e4. Kuluttamaan kest\u00e4v\u00e4sti. Yksinkertaisemman el\u00e4m\u00e4n ei kuitenkaan tarvitse olla ankeaa tai rumaa. Uskon siihen, ett\u00e4 me ihmiset voimme paremmin kauniissa ymp\u00e4rist\u00f6ss\u00e4 ja luovuus on olennainen osa ihmisen\u00e4 olemista.<\/p>\n<p>V\u00e4lill\u00e4 ep\u00e4toivo maailman tilasta iskee ja omat muutokset tuntuvat kovin pienilt\u00e4, mutta sitten kysyn itselt\u00e4ni: jos en min\u00e4, niin kuka sitten? Toivo on menetetty vasta sitten, kun ajattelemme, ett\u00e4 en\u00e4\u00e4 ei ole toivoa. V\u00e4lill\u00e4 blogissani on my\u00f6s n\u00e4it\u00e4 maailmanparannuspostauksia.<\/p>\n<p>&nbsp;<\/p>\n<h3><span style=\"color: #333333;\">Puutarha ja piha<\/span><\/h3>\n<p>Puutarha, piha, kasvimaa &#8211; mill\u00e4 t\u00e4t\u00e4 nyt oikein kutsuisin. Olen muuttanut t\u00e4h\u00e4n vuonna 1917 rakennettuun taloon kes\u00e4ll\u00e4 2018 ja ottanut vastaan vanhan pihan tuomat haasteet ja mahdollisuudet. Minulle puutarha tarkoittaa matkaa ja prosessia. Se pit\u00e4\u00e4 sis\u00e4ll\u00e4\u00e4n ty\u00f6t\u00e4, hike\u00e4. haasteita, onnistumisia, ep\u00e4onnistumisia, iloa, nautintoa, uskonpuutetta ja riemua. Tavoitteenani on paitsi kaunis ymp\u00e4rist\u00f6, niin my\u00f6s yh\u00e4 suurempi omavaraisuus ruoan suhteen, ja t\u00e4m\u00e4 tietenkin mahdollisimman luonnonmukaisesti ja ymp\u00e4rist\u00f6\u00e4 kunnioittaen. Puutarhan suhteen olen viel\u00e4 hyvin alkutaipaleella.<\/p>\n<p>&nbsp;<\/p>\n<h3><span style=\"color: #333333;\">Mieli ja hyvinvointi<\/span><\/h3>\n<p>Olen koulutukseltani toimintaterapeutti. Olen opiskellut sen lis\u00e4ksi monenlaista, mm. mindfullnessia ja kognitiivista terapiaa. \u00a0Ulkomaille muutto on ollut minulle paitsi matka vieraaseen maahan, niin ennen kaikkea matka itseeni. Joskus se suurin el\u00e4m\u00e4nmuutos on nimitt\u00e4in muutos asenteissa ja suhtautumisessa el\u00e4m\u00e4\u00e4n. Ihmisen mieli ja mielenliikkeet jaksavat kiehtoa ja n\u00e4kyv\u00e4t v\u00e4lill\u00e4 kirjoituksissani.<\/p>\n","protected":false},"excerpt":{"rendered":"<p>&nbsp; &nbsp; Saman otavan alla &nbsp; Hei, olen Hanne. Tulin Norjaan syksyll\u00e4 2010 viikonlopun ratsastusreissulle ja tunsin tulleeni kotiin. Puolitoista vuotta my\u00f6hemmin muutin t\u00e4nne asumaan. Tarkemmin sanoen vuoristoseudulle Valdresiin. Blogi sai alkunsa joulukuussa 2012 halustani kirjoittaa ja valokuvata, sek\u00e4 tallentaa el\u00e4m\u00e4\u00e4ni t\u00e4\u00e4ll\u00e4 vuorten syliss\u00e4. Blogi on ollut kertomus Norjasta, metsist\u00e4, vuorista, puutarhasta, el\u00e4imist\u00e4, arjestani, sopeutumisestani, havainnoistani ja ajatuksistani. N\u00e4ihin vuosiin on mahtunut monenlaisia k\u00e4\u00e4nteit\u00e4 mutta asun edelleen samalla paikkakunnalla. T\u00e4ss\u00e4 osoitteessa blogi on ollut vuodesta 2017, mutta aikasemmat kirjoitukseni l\u00f6ytyv\u00e4t edelleen vanhasta osoitteestaan, ja voit halutessasi k\u00e4yd\u00e4 niit\u00e4 edelleen lukemassa. &nbsp; Maalaisel\u00e4m\u00e4\u00e4 Muutin asumaan maaseudulle noin kolmenkymmenen kaupungissa vietetyn vuoden j\u00e4lkeen. Muutos oli yll\u00e4tt\u00e4v\u00e4n helppo, vaikka el\u00e4m\u00e4 maaseudulla poikkeaakin kaupunkiel\u00e4m\u00e4st\u00e4 melkoisesti. Maalaisel\u00e4m\u00e4ss\u00e4 on omat haasteensa, mutta hyvi\u00e4 puolia on niin paljon, ett\u00e4 ainakaan toistaiseksi ei ole tullut ik\u00e4v\u00e4 kaupunkiin. Yksi minulle t\u00e4rkeimpi\u00e4 asioita Norjassa onkin mahdollisuus el\u00e4\u00e4 t\u00e4m\u00e4n upean luonnon keskell\u00e4. &nbsp; Yksinkertaistaminen ja hidastaminen\u00a0 Pyrin el\u00e4m\u00e4\u00e4n yksinkertaisesti ja tulemaan toimeen v\u00e4hemm\u00e4ll\u00e4. Kuluttamaan kest\u00e4v\u00e4sti. Yksinkertaisemman el\u00e4m\u00e4n ei kuitenkaan tarvitse olla ankeaa tai rumaa. Uskon siihen, ett\u00e4 me ihmiset voimme paremmin kauniissa ymp\u00e4rist\u00f6ss\u00e4 ja luovuus on olennainen osa ihmisen\u00e4 olemista. V\u00e4lill\u00e4 ep\u00e4toivo maailman tilasta iskee ja omat muutokset tuntuvat kovin pienilt\u00e4, mutta sitten kysyn itselt\u00e4ni: jos en min\u00e4, niin kuka sitten? Toivo on menetetty vasta sitten, kun ajattelemme, ett\u00e4 en\u00e4\u00e4 ei ole toivoa. V\u00e4lill\u00e4 blogissani on my\u00f6s n\u00e4it\u00e4 maailmanparannuspostauksia. &nbsp; Puutarha ja piha Puutarha, piha, kasvimaa &#8211; mill\u00e4 t\u00e4t\u00e4 nyt oikein kutsuisin. Olen muuttanut t\u00e4h\u00e4n vuonna 1917 rakennettuun taloon kes\u00e4ll\u00e4 2018 ja ottanut vastaan vanhan pihan tuomat haasteet ja mahdollisuudet. Minulle puutarha tarkoittaa matkaa ja prosessia. Se pit\u00e4\u00e4 sis\u00e4ll\u00e4\u00e4n ty\u00f6t\u00e4, hike\u00e4. haasteita, onnistumisia, ep\u00e4onnistumisia, iloa, nautintoa, uskonpuutetta ja riemua. Tavoitteenani on paitsi kaunis ymp\u00e4rist\u00f6, niin my\u00f6s yh\u00e4 suurempi omavaraisuus ruoan suhteen, ja t\u00e4m\u00e4 tietenkin mahdollisimman luonnonmukaisesti ja ymp\u00e4rist\u00f6\u00e4 kunnioittaen. Puutarhan suhteen olen viel\u00e4 hyvin alkutaipaleella. &nbsp; Mieli ja hyvinvointi Olen koulutukseltani toimintaterapeutti. Olen opiskellut sen lis\u00e4ksi monenlaista, mm. mindfullnessia ja kognitiivista terapiaa. \u00a0Ulkomaille muutto on ollut minulle paitsi matka vieraaseen maahan, niin ennen kaikkea matka itseeni. Joskus se suurin el\u00e4m\u00e4nmuutos on nimitt\u00e4in muutos asenteissa ja suhtautumisessa el\u00e4m\u00e4\u00e4n. Ihmisen mieli ja mielenliikkeet jaksavat kiehtoa ja n\u00e4kyv\u00e4t v\u00e4lill\u00e4 kirjoituksissani.<\/p>\n","protected":false},"author":1,"featured_media":0,"parent":0,"menu_order":0,"comment_status":"closed","ping_status":"closed","template":"","meta":{"footnotes":""},"class_list":["post-43","page","type-page","status-publish","hentry"],"acf":[],"_links":{"self":[{"href":"https:\/\/www.samanotavanalla.fi\/index.php?rest_route=\/wp\/v2\/pages\/43","targetHints":{"allow":["GET"]}}],"collection":[{"href":"https:\/\/www.samanotavanalla.fi\/index.php?rest_route=\/wp\/v2\/pages"}],"about":[{"href":"https:\/\/www.samanotavanalla.fi\/index.php?rest_route=\/wp\/v2\/types\/page"}],"author":[{"embeddable":true,"href":"https:\/\/www.samanotavanalla.fi\/index.php?rest_route=\/wp\/v2\/users\/1"}],"replies":[{"embeddable":true,"href":"https:\/\/www.samanotavanalla.fi\/index.php?rest_route=%2Fwp%2Fv2%2Fcomments&post=43"}],"version-history":[{"count":33,"href":"https:\/\/www.samanotavanalla.fi\/index.php?rest_route=\/wp\/v2\/pages\/43\/revisions"}],"predecessor-version":[{"id":3047,"href":"https:\/\/www.samanotavanalla.fi\/index.php?rest_route=\/wp\/v2\/pages\/43\/revisions\/3047"}],"wp:attachment":[{"href":"https:\/\/www.samanotavanalla.fi\/index.php?rest_route=%2Fwp%2Fv2%2Fmedia&parent=43"}],"curies":[{"name":"wp","href":"https:\/\/api.w.org\/{rel}","templated":true}]}}